{"id":1356,"date":"2022-04-28T09:30:38","date_gmt":"2022-04-28T09:30:38","guid":{"rendered":"https:\/\/gwnaedagwlan.cymru\/?page_id=1356"},"modified":"2022-06-07T14:31:44","modified_gmt":"2022-06-07T14:31:44","slug":"faq","status":"publish","type":"page","link":"https:\/\/gwnaedagwlan.cymru\/cy\/faq\/","title":{"rendered":"Cwestiynau Cyffredin"},"content":{"rendered":"<div data-elementor-type=\"wp-page\" data-elementor-id=\"1356\" class=\"elementor elementor-1356\" data-elementor-post-type=\"page\">\n\t\t\t\t\t\t<section class=\"elementor-section elementor-top-section elementor-element elementor-element-0acd1e3 elementor-section-height-min-height elementor-section-boxed elementor-section-height-default elementor-section-items-middle\" data-id=\"0acd1e3\" data-element_type=\"section\" data-e-type=\"section\" data-settings=\"{&quot;background_background&quot;:&quot;classic&quot;,&quot;jet_parallax_layout_list&quot;:[],&quot;shape_divider_bottom&quot;:&quot;mountains&quot;}\">\n\t\t\t\t\t\t\t<div class=\"elementor-background-overlay\"><\/div>\n\t\t\t\t\t\t<div class=\"elementor-shape elementor-shape-bottom\" aria-hidden=\"true\" data-negative=\"false\">\n\t\t\t<svg xmlns=\"http:\/\/www.w3.org\/2000\/svg\" viewbox=\"0 0 1000 100\" preserveaspectratio=\"none\">\n\t<path class=\"elementor-shape-fill\" opacity=\"0.33\" d=\"M473,67.3c-203.9,88.3-263.1-34-320.3,0C66,119.1,0,59.7,0,59.7V0h1000v59.7 c0,0-62.1,26.1-94.9,29.3c-32.8,3.3-62.8-12.3-75.8-22.1C806,49.6,745.3,8.7,694.9,4.7S492.4,59,473,67.3z\"\/>\n\t<path class=\"elementor-shape-fill\" opacity=\"0.66\" d=\"M734,67.3c-45.5,0-77.2-23.2-129.1-39.1c-28.6-8.7-150.3-10.1-254,39.1 s-91.7-34.4-149.2,0C115.7,118.3,0,39.8,0,39.8V0h1000v36.5c0,0-28.2-18.5-92.1-18.5C810.2,18.1,775.7,67.3,734,67.3z\"\/>\n\t<path class=\"elementor-shape-fill\" d=\"M766.1,28.9c-200-57.5-266,65.5-395.1,19.5C242,1.8,242,5.4,184.8,20.6C128,35.8,132.3,44.9,89.9,52.5C28.6,63.7,0,0,0,0 h1000c0,0-9.9,40.9-83.6,48.1S829.6,47,766.1,28.9z\"\/>\n<\/svg>\t\t<\/div>\n\t\t\t\t\t<div class=\"elementor-container elementor-column-gap-default\">\n\t\t\t\t\t<div class=\"elementor-column elementor-col-100 elementor-top-column elementor-element elementor-element-b08e544\" data-id=\"b08e544\" data-element_type=\"column\" data-e-type=\"column\">\n\t\t\t<div class=\"elementor-widget-wrap elementor-element-populated\">\n\t\t\t\t\t\t<div class=\"elementor-element elementor-element-f321849 elementor-widget elementor-widget-heading\" data-id=\"f321849\" data-element_type=\"widget\" data-e-type=\"widget\" data-widget_type=\"heading.default\">\n\t\t\t\t<div class=\"elementor-widget-container\">\n\t\t\t\t\t<h1 class=\"elementor-heading-title elementor-size-default\">Cwestiynau Cyffredin<\/h1>\t\t\t\t<\/div>\n\t\t\t\t<\/div>\n\t\t\t\t\t<\/div>\n\t\t<\/div>\n\t\t\t\t\t<\/div>\n\t\t<\/section>\n\t\t\t\t<section class=\"elementor-section elementor-top-section elementor-element elementor-element-034f786 elementor-section-boxed elementor-section-height-default elementor-section-height-default\" data-id=\"034f786\" data-element_type=\"section\" data-e-type=\"section\" data-settings=\"{&quot;jet_parallax_layout_list&quot;:[]}\">\n\t\t\t\t\t\t<div class=\"elementor-container elementor-column-gap-default\">\n\t\t\t\t\t<div class=\"elementor-column elementor-col-100 elementor-top-column elementor-element elementor-element-ba0c118\" data-id=\"ba0c118\" data-element_type=\"column\" data-e-type=\"column\">\n\t\t\t<div class=\"elementor-widget-wrap elementor-element-populated\">\n\t\t\t\t\t\t<div class=\"elementor-element elementor-element-3dc998b elementor-widget elementor-widget-heading\" data-id=\"3dc998b\" data-element_type=\"widget\" data-e-type=\"widget\" data-widget_type=\"heading.default\">\n\t\t\t\t<div class=\"elementor-widget-container\">\n\t\t\t\t\t<h4 class=\"elementor-heading-title elementor-size-default\">Ein cwestiynau mwyaf cyffredin<\/h4>\t\t\t\t<\/div>\n\t\t\t\t<\/div>\n\t\t\t\t\t<\/div>\n\t\t<\/div>\n\t\t\t\t\t<\/div>\n\t\t<\/section>\n\t\t\t\t<section class=\"elementor-section elementor-top-section elementor-element elementor-element-e4837a8 elementor-section-boxed elementor-section-height-default elementor-section-height-default\" data-id=\"e4837a8\" data-element_type=\"section\" data-e-type=\"section\" data-settings=\"{&quot;jet_parallax_layout_list&quot;:[]}\">\n\t\t\t\t\t\t<div class=\"elementor-container elementor-column-gap-default\">\n\t\t\t\t\t<div class=\"elementor-column elementor-col-100 elementor-top-column elementor-element elementor-element-4cd93b1\" data-id=\"4cd93b1\" data-element_type=\"column\" data-e-type=\"column\">\n\t\t\t<div class=\"elementor-widget-wrap elementor-element-populated\">\n\t\t\t\t\t\t<div class=\"elementor-element elementor-element-36883e1 elementor-widget elementor-widget-jet-accordion\" data-id=\"36883e1\" data-element_type=\"widget\" data-e-type=\"widget\" data-widget_type=\"jet-accordion.default\">\n\t\t\t\t<div class=\"elementor-widget-container\">\n\t\t\t\t\t\t\t\t\t<div class=\"jet-accordion\" data-settings=\"{&quot;collapsible&quot;:false,&quot;ajaxTemplate&quot;:false,&quot;switchScrolling&quot;:false,&quot;switchScrollingTablet&quot;:false,&quot;switchScrollingMobile&quot;:false,&quot;switchScrollingOffset&quot;:{&quot;size&quot;:0,&quot;unit&quot;:&quot;px&quot;},&quot;switchScrollingOffsetTablet&quot;:{&quot;size&quot;:0,&quot;unit&quot;:&quot;px&quot;},&quot;switchScrollingOffsetMobile&quot;:{&quot;size&quot;:0,&quot;unit&quot;:&quot;px&quot;},&quot;switchScrollingDelay&quot;:500,&quot;switchScrollingDelayTablet&quot;:500,&quot;switchScrollingDelayMobile&quot;:500}\">\n\t\t\t<div class=\"jet-accordion__inner\">\n\t\t\t\t<div class=\"jet-accordion__item jet-toggle jet-toggle-move-up-effect\">\n\t\t\t\t\t\t\t<div id=\"jet-toggle-control-5711\" class=\"jet-toggle__control elementor-menu-anchor\" data-toggle=\"1\" role=\"button\" tabindex=\"0\" aria-controls=\"jet-toggle-content-5711\" aria-expanded=\"false\" data-template-id=\"false\">\n\t\t\t\t\t\t\t\t<div class=\"jet-toggle__label-text\">Sut alla i ddarganfod mwy neu cymeryd rhan yn y prosiect? <\/div>\t\t\t\t\t\t\t<\/div>\n\t\t\t\t\t\t\t<div id=\"jet-toggle-content-5711\" class=\"jet-toggle__content\" data-toggle=\"1\" role=\"region\" data-template-id=\"false\">\n\t\t\t\t\t\t\t\t<div class=\"jet-toggle__content-inner\"><p class=\"p1\">Ymunwch gyda ein gr\u0175p clwstwr er mwyn derbyn diweddariadau rheloaidd am y prosiect a\u2019n digwyddiadau ac er mwyn cael y cyfle i gyfrannu eich barn chi i drafodaethau yngl\u0177n a lansiadau cynnyrch a chanlyniadau astudiaethau cwmpasu.<a href=\"https:\/\/gwnaedagwlan.cymru\/cy\/cluster-group-form\/\"> Cofrestrwch Yma.<\/a>.<span class=\"Apple-converted-space\"> \u00a0<\/span><\/p><p>\u00a0<\/p><p class=\"p1\">Gallwch hefyd ddilyn ein tudalennau cymdeithasol <a href=\"https:\/\/www.facebook.com\/gwnaedagwlan\" target=\"_blank\" rel=\"noopener\"><span class=\"s2\">Facebook<\/span><\/a> , <a href=\"https:\/\/www.instagram.com\/gwnaedagwlan\/\" target=\"_blank\" rel=\"noopener\"><span class=\"s2\">Instagram<\/span><\/a> a <a href=\"https:\/\/twitter.com\/GwlanMM\" target=\"_blank\" rel=\"noopener\"><span class=\"s2\">Twitter.<\/span><\/a><\/p><\/div>\n\t\t\t\t\t\t\t<\/div>\n\t\t\t\t\t\t<\/div><div class=\"jet-accordion__item jet-toggle jet-toggle-move-up-effect\">\n\t\t\t\t\t\t\t<div id=\"jet-toggle-control-5712\" class=\"jet-toggle__control elementor-menu-anchor\" data-toggle=\"2\" role=\"button\" tabindex=\"0\" aria-controls=\"jet-toggle-content-5712\" aria-expanded=\"false\" data-template-id=\"false\">\n\t\t\t\t\t\t\t\t<div class=\"jet-toggle__label-text\">Sut all y cynllun hwn fy helpu i?<\/div>\t\t\t\t\t\t\t<\/div>\n\t\t\t\t\t\t\t<div id=\"jet-toggle-content-5712\" class=\"jet-toggle__content\" data-toggle=\"2\" role=\"region\" data-template-id=\"false\">\n\t\t\t\t\t\t\t\t<div class=\"jet-toggle__content-inner\"><p class=\"p1\">Mae\u2019r dudalen <a href=\"https:\/\/gwnaedagwlan.cymru\/cy\/project-overview\/\">\u2018Trosolwg y Prosiect\u2019<\/a> yn amlinellu gwahanol elfennau y cynllun. Gallwn gynnig cefnogaeth a chyfleoedd i rhanddeliaid ar hyd y gadwyn wl\u00e2n. <br \/>Mae\u2019r gefnogaeth yma yn ymestyn o gynnig gwasanaeth profi gwl\u00e2n am ddim i ffermwyr i\u2019w galluogi I ddarganfod gwerth eu gwl\u00e2n, ac os oes modd ei wella, i gynnal astudiaethau cwmpasu i adnabod ac ymdr\u00een \u00e2 rhwystron neu broblemau o fewn y gadwyn gyflenwi busnes.<\/p><p>\u00a0<\/p><p class=\"p1\">Mae\u2019r cynllun hefyd yn cynnig profiadau dysgu mewn gweithdai, ymweliadau safle a digwyddiadau hyfforddi ac yn dod \u00e2 phobl ynghyd gyda chyfleoedd rhwydweithio niferus er mwyn ehangu eich rhwydweithiau trwy'r gr\u0175p clwstwr.<span class=\"Apple-converted-space\">\u00a0<\/span><\/p><p>\u00a0<\/p><p class=\"p1\">\u2028Mae croeso i chi gysylltu a\u2019r t\u00eem i drafod sut all y cynllun fod o fudd i chi.<\/p><\/div>\n\t\t\t\t\t\t\t<\/div>\n\t\t\t\t\t\t<\/div><div class=\"jet-accordion__item jet-toggle jet-toggle-move-up-effect\">\n\t\t\t\t\t\t\t<div id=\"jet-toggle-control-5713\" class=\"jet-toggle__control elementor-menu-anchor\" data-toggle=\"3\" role=\"button\" tabindex=\"0\" aria-controls=\"jet-toggle-content-5713\" aria-expanded=\"false\" data-template-id=\"false\">\n\t\t\t\t\t\t\t\t<div class=\"jet-toggle__label-text\">Mae genai syniadau am gynnyrch newydd wedi ei wneud o wl\u00e2n ac eisiau eu rhannu neu eu datblygu ymhellach. Sut allai wneud hyn? <\/div>\t\t\t\t\t\t\t<\/div>\n\t\t\t\t\t\t\t<div id=\"jet-toggle-content-5713\" class=\"jet-toggle__content\" data-toggle=\"3\" role=\"region\" data-template-id=\"false\">\n\t\t\t\t\t\t\t\t<div class=\"jet-toggle__content-inner\"><p class=\"p1 translation-block\">Mae\u2019r prosiect Gwnaed \u00e2 Gwl\u00e2n yn gweithio i ddatblygu\u00a05\u00a0cynnyrch\u00a0newydd\u00a0gyda\u00a0potensial masnachol (prototeip) ac i dreialu cynhyrchion arloesol o werth uchel a\u2019u gwneir gan ddefnyddio Gwl\u00e2n Cymreig<\/p><p>\u00a0<\/p><p class=\"p2\">Os oes gennych syniadau yr hoffwch eu rhannu gyda ni, ebostiwch y t\u00eem i drafod eich syniadau cychwynnol ar <a href=\"mailto:gwlan@mentermon.com\"><span class=\"s2\">gwlan@mentermon.com<\/span><\/a>Yna gall y t\u00eem gynnig rhagor o wybodaeth am y camau nesaf ac adnabod cysylltiadau posibl i symud y syniad yn ei flaen. I ddysgu am syniadau eraill y prosiect ymunwch \u00e2\u2019r <a href=\"https:\/\/gwnaedagwlan.cymru\/cy\/cluster-group-form\/\"><span class=\"s2\">gr\u0175p clwstwr<\/span><\/a>.<\/p><\/div>\n\t\t\t\t\t\t\t<\/div>\n\t\t\t\t\t\t<\/div><div class=\"jet-accordion__item jet-toggle jet-toggle-move-up-effect\">\n\t\t\t\t\t\t\t<div id=\"jet-toggle-control-5714\" class=\"jet-toggle__control elementor-menu-anchor\" data-toggle=\"4\" role=\"button\" tabindex=\"0\" aria-controls=\"jet-toggle-content-5714\" aria-expanded=\"false\" data-template-id=\"false\">\n\t\t\t\t\t\t\t\t<div class=\"jet-toggle__label-text\">Rydw i wedi canfod problem neu rwystr i ddatblygiad fy musnes ofewn y gadwyn gyflenwi. Sut mae cael rhagor o wybodaeth am yr astudiaethau cwmpasu? <\/div>\t\t\t\t\t\t\t<\/div>\n\t\t\t\t\t\t\t<div id=\"jet-toggle-content-5714\" class=\"jet-toggle__content\" data-toggle=\"4\" role=\"region\" data-template-id=\"false\">\n\t\t\t\t\t\t\t\t<div class=\"jet-toggle__content-inner\"><p class=\"p1 translation-block\">Bydd y prosiect yn helpu pobl a busnesau ar hyd y gadwyn gyflenwi wl\u00e2n drwy casglu syniadau newydd am bynciau sy\u2019n rhwystr i\u2019w ddatblygiad o fewn y sector. Bydd canfyddiadau yr astudiaethau yn cael eu rhannu a\u2019u lledaenu ymhlith aelodau'r clwstwr a rhanddeiliaid eraill er mwyn bod yn fuddiol i bawb yn niwydiant gwl\u00e2n Cymru.<\/p><p>\u00a0<\/p><p class=\"p1\">Mae cronfa gyllid uchafswm o \u00a330,000 wedi ei neilltuo ar gyfer yr astudiaethau. Rydym wedi amcangyfrif cefnogi hyd at 10 astudiaeth yn ystod oes y prosiect, h.y. tua \u00a33,000 yr astudiaeth, gyda disgwl y bydd y costau\u2019n amrywio yn \u00f4l yr angen.<span class=\"s1\"><br \/><\/span><\/p><p>\u00a0<\/p><p class=\"p2\">Gallwch ddarllen fwy am feini prawf a phroses yr astudiaethau cwmpasu <a href=\"https:\/\/gwnaedagwlan.cymru\/wp-content\/uploads\/2022\/05\/Scoping_Studies_Criteria-4.pdf\">yma.<\/a>. (Welsh Version <a href=\"https:\/\/gwnaedagwlan.cymru\/wp-content\/uploads\/2022\/05\/Meini_Prawf-2.pdf\">Here<\/a>)<\/p><p>\u00a0<\/p><p class=\"p2\">Bydd y ceisiadau yn cael eu hystyried ar sail cyntaf i\u2019r felin.<span class=\"Apple-converted-space\">\u00a0<\/span><\/p><p>\u00a0<\/p><p class=\"p2\">Am fwy o wybodaeth neu i wneud cais astudiaeth cwmpasu, <a href=\"https:\/\/gwnaedagwlan.cymru\/cy\/contact\/\">cysylltwch a\u2019r t\u00eem<\/a>.\u00a0<\/p><\/div>\n\t\t\t\t\t\t\t<\/div>\n\t\t\t\t\t\t<\/div><div class=\"jet-accordion__item jet-toggle jet-toggle-move-up-effect\">\n\t\t\t\t\t\t\t<div id=\"jet-toggle-control-5715\" class=\"jet-toggle__control elementor-menu-anchor\" data-toggle=\"5\" role=\"button\" tabindex=\"0\" aria-controls=\"jet-toggle-content-5715\" aria-expanded=\"false\" data-template-id=\"false\">\n\t\t\t\t\t\t\t\t<div class=\"jet-toggle__label-text\">Allwch chi fy helpu gyda cyflenwad gwl\u00e2n Cymreig? Pa gymorth allwch chi ei gynnig i fusnesau bach sy'n gweithio gyda \/ sydd \u00e2 diddordeb mewn gweithio gyda gwl\u00e2n?<\/div>\t\t\t\t\t\t\t<\/div>\n\t\t\t\t\t\t\t<div id=\"jet-toggle-content-5715\" class=\"jet-toggle__content\" data-toggle=\"5\" role=\"region\" data-template-id=\"false\">\n\t\t\t\t\t\t\t\t<div class=\"jet-toggle__content-inner\"><p class=\"p1\">Rydym yn parhau i ddatblygu cronfa ddata cynhwysfawr o rhanddeiliaid ofewn y gadwyn wl\u00e2n fydd yn caniatau I ni eich cysylltu \u00e2 busnesau perthnasol a gweithwyr proffesiynol y diwydiant. Mae hefyd yn cynnwys cynlluniau a all eich cefnogi i gychwyn eich busnes a'ch cysylltu \u00e2'r rhanddeiliad perthnasol ar hyd y gadwyn gyflenwi. Gallwch ei ddarganfod <a href=\"https:\/\/gwnaedagwlan.cymru\/cy\/directory\/\">yma.<\/a>.<\/p><p>\u00a0<\/p><p class=\"p1\">Os hoffwch chi gael eich ychwannegu <a href=\"https:\/\/gwnaedagwlan.cymru\/cy\/contact\/\">cysylltwch a\u2019r t\u00eem<\/a>.\u00a0<\/p><\/div>\n\t\t\t\t\t\t\t<\/div>\n\t\t\t\t\t\t<\/div><div class=\"jet-accordion__item jet-toggle jet-toggle-move-up-effect\">\n\t\t\t\t\t\t\t<div id=\"jet-toggle-control-5716\" class=\"jet-toggle__control elementor-menu-anchor\" data-toggle=\"6\" role=\"button\" tabindex=\"0\" aria-controls=\"jet-toggle-content-5716\" aria-expanded=\"false\" data-template-id=\"false\">\n\t\t\t\t\t\t\t\t<div class=\"jet-toggle__label-text\">Ydych chi'n cynnig profion gwl\u00e2n i ffermwyr? <\/div>\t\t\t\t\t\t\t<\/div>\n\t\t\t\t\t\t\t<div id=\"jet-toggle-content-5716\" class=\"jet-toggle__content\" data-toggle=\"6\" role=\"region\" data-template-id=\"false\">\n\t\t\t\t\t\t\t\t<div class=\"jet-toggle__content-inner\"><p class=\"p1\">Oes, mae <a href=\"https:\/\/gwnaedagwlan.cymru\/cy\/free-wool-testing-kit\/\">profion gwl\u00e2n am ddim<\/a> ar gael drwy\u2019r prosiect i ffermwyr sy\u2019n byw yng Nghymru. Gan ddechrau o Ebrill 2022. Os oes gennych diddordeb, cysylltwch \u00e2\u2019r t\u00eem a <a href=\"mailto:gwlan@manetermon.com\"><span class=\"s1\">gwlan@manetermon.com<\/span><\/a>.<\/p><\/div>\n\t\t\t\t\t\t\t<\/div>\n\t\t\t\t\t\t<\/div><div class=\"jet-accordion__item jet-toggle jet-toggle-move-up-effect\">\n\t\t\t\t\t\t\t<div id=\"jet-toggle-control-5717\" class=\"jet-toggle__control elementor-menu-anchor\" data-toggle=\"7\" role=\"button\" tabindex=\"0\" aria-controls=\"jet-toggle-content-5717\" aria-expanded=\"false\" data-template-id=\"false\">\n\t\t\t\t\t\t\t\t<div class=\"jet-toggle__label-text\">Sut mae cymryd sampl gwl\u00e2n ar gyfer y profion gwl\u00e2n am ddim? <\/div>\t\t\t\t\t\t\t<\/div>\n\t\t\t\t\t\t\t<div id=\"jet-toggle-content-5717\" class=\"jet-toggle__content\" data-toggle=\"7\" role=\"region\" data-template-id=\"false\">\n\t\t\t\t\t\t\t\t<div class=\"jet-toggle__content-inner\"><p class=\"p1\">Mae cymeryd sampl gwl\u00e2n ar gyfer y profion yn syml ac yn gyflym. Mae cyfarwyddiadau o\u2019r broses a fideo byr ar gael yma.\u00a0<\/p><\/div>\n\t\t\t\t\t\t\t<\/div>\n\t\t\t\t\t\t<\/div><div class=\"jet-accordion__item jet-toggle jet-toggle-move-up-effect\">\n\t\t\t\t\t\t\t<div id=\"jet-toggle-control-5718\" class=\"jet-toggle__control elementor-menu-anchor\" data-toggle=\"8\" role=\"button\" tabindex=\"0\" aria-controls=\"jet-toggle-content-5718\" aria-expanded=\"false\" data-template-id=\"false\">\n\t\t\t\t\t\t\t\t<div class=\"jet-toggle__label-text\">Ydych chi'n cynnig cynllun mentora?<\/div>\t\t\t\t\t\t\t<\/div>\n\t\t\t\t\t\t\t<div id=\"jet-toggle-content-5718\" class=\"jet-toggle__content\" data-toggle=\"8\" role=\"region\" data-template-id=\"false\">\n\t\t\t\t\t\t\t\t<div class=\"jet-toggle__content-inner\"><p class=\"p1\">Rydym yn cynnig cynllun peilot mentora gyda gweithwyr proffesiynnol ofewn y diwydiant gwl\u00e2n. Os oes gennych ddiddordeb cael eich mentora neu cynnig eich hun fel mentor <a href=\"https:\/\/gwnaedagwlan.cymru\/cy\/contact\/\">cysylltwch a\u2019r t\u00eem<\/a>.<\/p><p class=\"p1\"><br \/>Daw\u2019r cynllun hwn i ben ym mis Mehefin 2023.<span class=\"Apple-converted-space\">\u00a0<\/span><\/p><\/div>\n\t\t\t\t\t\t\t<\/div>\n\t\t\t\t\t\t<\/div><div class=\"jet-accordion__item jet-toggle jet-toggle-move-up-effect\">\n\t\t\t\t\t\t\t<div id=\"jet-toggle-control-5719\" class=\"jet-toggle__control elementor-menu-anchor\" data-toggle=\"9\" role=\"button\" tabindex=\"0\" aria-controls=\"jet-toggle-content-5719\" aria-expanded=\"false\" data-template-id=\"false\">\n\t\t\t\t\t\t\t\t<div class=\"jet-toggle__label-text\">Sut mae cael gwybod am redeg gweithdy i chi?<\/div>\t\t\t\t\t\t\t<\/div>\n\t\t\t\t\t\t\t<div id=\"jet-toggle-content-5719\" class=\"jet-toggle__content\" data-toggle=\"9\" role=\"region\" data-template-id=\"false\">\n\t\t\t\t\t\t\t\t<div class=\"jet-toggle__content-inner\"><p class=\"p1\">Rydym yn croesawu syniadau gweithdy gan arbenigwyr yn y diwydiant a gweithwyr proffesiynol sy'n ymwneud \u00e2'r gadwyn cyflenwi gwl\u00e2n. Os oes gennych ddiddordeb yn unrhyw un o'n cyfleoedd <a href=\"https:\/\/gwnaedagwlan.cymru\/cy\/contact\/\">cysylltwch \u00e2'r t\u00eem<\/a>\u00a0<\/p><\/div>\n\t\t\t\t\t\t\t<\/div>\n\t\t\t\t\t\t<\/div>\t\t\t<\/div>\n\t\t<\/div>\n\t\t\t\t\t\t<\/div>\n\t\t\t\t<\/div>\n\t\t\t\t\t<\/div>\n\t\t<\/div>\n\t\t\t\t\t<\/div>\n\t\t<\/section>\n\t\t\t\t<\/div>","protected":false},"excerpt":{"rendered":"<p>Our most frequently asked questions Where can I find more information or take part in the project? Join our Wool Cluster Group to receive the latest updates about the project and our events and for the opportunity to contribute your views to the development of new product launches and the results of scoping studies. Register [&hellip;]<\/p>\n","protected":false},"author":5,"featured_media":0,"parent":0,"menu_order":0,"comment_status":"closed","ping_status":"closed","template":"","meta":{"site-sidebar-layout":"no-sidebar","site-content-layout":"page-builder","ast-site-content-layout":"default","site-content-style":"default","site-sidebar-style":"default","ast-global-header-display":"","ast-banner-title-visibility":"","ast-main-header-display":"","ast-hfb-above-header-display":"","ast-hfb-below-header-display":"","ast-hfb-mobile-header-display":"","site-post-title":"disabled","ast-breadcrumbs-content":"","ast-featured-img":"disabled","footer-sml-layout":"","ast-disable-related-posts":"","theme-transparent-header-meta":"enabled","adv-header-id-meta":"","stick-header-meta":"","header-above-stick-meta":"","header-main-stick-meta":"","header-below-stick-meta":"","astra-migrate-meta-layouts":"default","ast-page-background-enabled":"default","ast-page-background-meta":{"desktop":{"background-color":"var(--ast-global-color-4)","background-image":"","background-repeat":"repeat","background-position":"center center","background-size":"auto","background-attachment":"scroll","background-type":"","background-media":"","overlay-type":"","overlay-color":"","overlay-opacity":"","overlay-gradient":""},"tablet":{"background-color":"","background-image":"","background-repeat":"repeat","background-position":"center center","background-size":"auto","background-attachment":"scroll","background-type":"","background-media":"","overlay-type":"","overlay-color":"","overlay-opacity":"","overlay-gradient":""},"mobile":{"background-color":"","background-image":"","background-repeat":"repeat","background-position":"center center","background-size":"auto","background-attachment":"scroll","background-type":"","background-media":"","overlay-type":"","overlay-color":"","overlay-opacity":"","overlay-gradient":""}},"ast-content-background-meta":{"desktop":{"background-color":"var(--ast-global-color-5)","background-image":"","background-repeat":"repeat","background-position":"center center","background-size":"auto","background-attachment":"scroll","background-type":"","background-media":"","overlay-type":"","overlay-color":"","overlay-opacity":"","overlay-gradient":""},"tablet":{"background-color":"var(--ast-global-color-5)","background-image":"","background-repeat":"repeat","background-position":"center center","background-size":"auto","background-attachment":"scroll","background-type":"","background-media":"","overlay-type":"","overlay-color":"","overlay-opacity":"","overlay-gradient":""},"mobile":{"background-color":"var(--ast-global-color-5)","background-image":"","background-repeat":"repeat","background-position":"center center","background-size":"auto","background-attachment":"scroll","background-type":"","background-media":"","overlay-type":"","overlay-color":"","overlay-opacity":"","overlay-gradient":""}},"footnotes":""},"class_list":["post-1356","page","type-page","status-publish","hentry"],"_links":{"self":[{"href":"https:\/\/gwnaedagwlan.cymru\/cy\/wp-json\/wp\/v2\/pages\/1356","targetHints":{"allow":["GET"]}}],"collection":[{"href":"https:\/\/gwnaedagwlan.cymru\/cy\/wp-json\/wp\/v2\/pages"}],"about":[{"href":"https:\/\/gwnaedagwlan.cymru\/cy\/wp-json\/wp\/v2\/types\/page"}],"author":[{"embeddable":true,"href":"https:\/\/gwnaedagwlan.cymru\/cy\/wp-json\/wp\/v2\/users\/5"}],"replies":[{"embeddable":true,"href":"https:\/\/gwnaedagwlan.cymru\/cy\/wp-json\/wp\/v2\/comments?post=1356"}],"version-history":[{"count":5,"href":"https:\/\/gwnaedagwlan.cymru\/cy\/wp-json\/wp\/v2\/pages\/1356\/revisions"}],"predecessor-version":[{"id":2788,"href":"https:\/\/gwnaedagwlan.cymru\/cy\/wp-json\/wp\/v2\/pages\/1356\/revisions\/2788"}],"wp:attachment":[{"href":"https:\/\/gwnaedagwlan.cymru\/cy\/wp-json\/wp\/v2\/media?parent=1356"}],"curies":[{"name":"wp","href":"https:\/\/api.w.org\/{rel}","templated":true}]}}